
{"id":1398,"date":"2024-11-15T18:45:20","date_gmt":"2024-11-15T18:45:20","guid":{"rendered":"https:\/\/nuncapisofreno.es\/?page_id=1398"},"modified":"2024-11-15T18:49:13","modified_gmt":"2024-11-15T18:49:13","slug":"politica-de-envios","status":"publish","type":"page","link":"https:\/\/nuncapisofreno.es\/index.php\/politica-de-envios\/","title":{"rendered":"POL\u00cdTICA DE ENV\u00cdOS"},"content":{"rendered":"\n<h2 class=\"wp-block-heading\"><strong>POL\u00cdTICA DE ENV\u00cdOS<\/strong><\/h2>\n\n\n\n<h3 class=\"wp-block-heading\">LUGAR DE ENTREGA, PLAZOS Y P\u00c9RDIDAS<\/h3>\n\n\n\n<p>Todos los productos se fabrican bajo pedido, en un plazo m\u00e1ximo de 7 d\u00edas ser\u00e1n puestos a disposici\u00f3n de la empresa de mensajer\u00eda.&nbsp;<\/p>\n\n\n\n<p>&nbsp;1 \u2013&nbsp; Los plazos aproximados una vez el producto sea entregado a la empresa de mensajer\u00eda ser\u00e1n los siguientes:<\/p>\n\n\n\n<p>&nbsp;(El coste de los env\u00edos cambiar\u00e1 dependiendo de la zona donde se env\u00ede el pedido. Los sobrecostes por bulto\/peso corren por parte de NUNCA PISO FRENO SL. Si estamos en campa\u00f1a de oferta de env\u00edos gratuitos, estos estar\u00e1n sujetos a una compra m\u00ednima, inf\u00f3rmate de las ofertas temporales o fijas en la misma tienda online)<\/p>\n\n\n\n<figure class=\"wp-block-table\"><table class=\"has-fixed-layout\"><tbody><tr><td><strong>DESTINO<\/strong><\/td><td><strong>PRECIO DE ENV\u00cdO<\/strong><\/td><td><strong>PLAZO<\/strong>&nbsp;(aprox. en d\u00edas laborables)<\/td><\/tr><tr><td>Pen\u00ednsula<\/td><td>4.95\u20ac<\/td><td>7 d\u00edas de producci\u00f3n + 24-48h de env\u00edo<\/td><\/tr><tr><td>Baleares<\/td><td>8.45\u20ac<\/td><td>7 d\u00edas de producci\u00f3n + 3 d\u00edas de env\u00edo<\/td><\/tr><tr><td>Canarias\/Ceuta\/Melilla*<\/td><td>13.95<\/td><td>7 d\u00edas de producci\u00f3n + 7 d\u00edas de env\u00edo<\/td><\/tr><tr><td>Resto de Europa*<\/td><td>19.95<\/td><td>7 d\u00edas de producci\u00f3n + 10 d\u00edas de env\u00edo<\/td><\/tr><tr><td>Resto del Mundo*<\/td><td>24.95\u20ac<\/td><td>7 d\u00edas de producci\u00f3n + 5 d\u00edas de env\u00edo<\/td><\/tr><\/tbody><\/table><\/figure>\n\n\n\n<p><em>*Impuestos\/ aduanas a cargo del comprador.<\/em><\/p>\n\n\n\n<p>Los env\u00edos tienen un tiempo de entrega de 7 a 14 d\u00edas una vez realizado el pedido a NUNCA PISO FRENO SL, en el caso de Espa\u00f1a\/pen\u00ednsula. Por ello, los env\u00edos de productos a las Islas Canarias, las Islas Baleares, Ceuta y Melilla se realizar\u00e1n dentro de los 30 d\u00edas posteriores al momento en el que NUNCA PISO FRENO SL pueda confirmar el pedido hecho por el Usuario.<\/p>\n\n\n\n<p>Los pedidos que lleven cualquier tipo de personalizaci\u00f3n podr\u00edan llevar hasta 14 d\u00edas de preparaci\u00f3n, por lo que en funci\u00f3n del lugar de entrega los per\u00edodos pueden ser mayores. No obstante, en el momento en el que NUNCA PISO FRENO SL confirme el pedido le indicar\u00e1 al Usuario el plazo aproximado en el que se realizar\u00e1 efectivamente la entrega.<\/p>\n\n\n\n<p>En el caso de que existan problemas de stock o incidencias NUNCA PISO FRENO SL se reserva el derecho de tiempo de env\u00edo de hasta 30 d\u00edas desde el momento en el que NUNCA PISO FRENO SL tenga de nuevo existencias del producto y\/o se solucione la incidencia concreta. En cualquier caso, los Usuarios ser\u00e1n informados en el momento de realizar el pedido cuando se diese cualquier circunstancia que impida una correcta tramitaci\u00f3n de su pedido.<\/p>\n\n\n\n<p>Sin perjuicio de todo lo anterior, los Usuarios quedan informados de que en el caso de que no se haya podido realizar la entrega de forma correcta por la ausencia del Usuario en el lugar indicado o por alg\u00fan error en la informaci\u00f3n facilitada los productos ser\u00e1n depositados en el almac\u00e9n del proveedor d\u00f3nde los Usuarios podr\u00e1n recogerlos, salvo que NUNCA PISO FRENO SL le indique otra cosa al Usuario.<\/p>\n\n\n\n<p>Los Usuarios entienden y aceptan que los env\u00edos est\u00e1n sujetos a las condiciones de los terceros con los que NUNCA PISO FRENO SL colabore, pudiendo en cualquier caso los Usuarios consultar estas condiciones y, en el caso de cualquier retraso o desperfecto en los productos, los Usuarios deben ponerse en contacto con NUNCA PISO FRENO SL inmediatamente para realizar las correspondientes reclamaciones a dichos terceros. Asimismo, con la entrega de los productos se har\u00e1 tambi\u00e9n la entrega de toda la informaci\u00f3n y las garant\u00edas sobre los mismos.<\/p>\n\n\n\n<p><\/p>\n","protected":false},"excerpt":{"rendered":"<p>POL\u00cdTICA DE ENV\u00cdOS LUGAR DE ENTREGA, PLAZOS Y P\u00c9RDIDAS Todos los productos se fabrican bajo pedido, en un plazo m\u00e1ximo de 7 d\u00edas ser\u00e1n puestos a disposici\u00f3n de la empresa de mensajer\u00eda.&nbsp; &nbsp;1 \u2013&nbsp; Los plazos aproximados una vez el producto sea entregado a la empresa de mensajer\u00eda ser\u00e1n los siguientes: &nbsp;(El coste de los env\u00edos cambiar\u00e1 dependiendo de la &hellip;<\/p>\n","protected":false},"author":1,"featured_media":0,"parent":0,"menu_order":0,"comment_status":"closed","ping_status":"closed","template":"obelisk-builder.php","meta":{"footnotes":""},"class_list":["post-1398","page","type-page","status-publish","hentry"],"_links":{"self":[{"href":"https:\/\/nuncapisofreno.es\/index.php\/wp-json\/wp\/v2\/pages\/1398","targetHints":{"allow":["GET"]}}],"collection":[{"href":"https:\/\/nuncapisofreno.es\/index.php\/wp-json\/wp\/v2\/pages"}],"about":[{"href":"https:\/\/nuncapisofreno.es\/index.php\/wp-json\/wp\/v2\/types\/page"}],"author":[{"embeddable":true,"href":"https:\/\/nuncapisofreno.es\/index.php\/wp-json\/wp\/v2\/users\/1"}],"replies":[{"embeddable":true,"href":"https:\/\/nuncapisofreno.es\/index.php\/wp-json\/wp\/v2\/comments?post=1398"}],"version-history":[{"count":2,"href":"https:\/\/nuncapisofreno.es\/index.php\/wp-json\/wp\/v2\/pages\/1398\/revisions"}],"predecessor-version":[{"id":1402,"href":"https:\/\/nuncapisofreno.es\/index.php\/wp-json\/wp\/v2\/pages\/1398\/revisions\/1402"}],"wp:attachment":[{"href":"https:\/\/nuncapisofreno.es\/index.php\/wp-json\/wp\/v2\/media?parent=1398"}],"curies":[{"name":"wp","href":"https:\/\/api.w.org\/{rel}","templated":true}]}}