
{"id":891,"date":"2024-09-26T09:38:35","date_gmt":"2024-09-26T09:38:35","guid":{"rendered":"https:\/\/nuncapisofreno.es\/wordpress\/?page_id=891"},"modified":"2024-09-26T11:40:28","modified_gmt":"2024-09-26T11:40:28","slug":"mary-queen","status":"publish","type":"page","link":"https:\/\/nuncapisofreno.es\/index.php\/mary-queen\/","title":{"rendered":"Mary Queen"},"content":{"rendered":"\t\t<div data-elementor-type=\"wp-page\" data-elementor-id=\"891\" class=\"elementor elementor-891\">\n\t\t\t\t\t\t<section class=\"elementor-section elementor-top-section elementor-element elementor-element-f98fb7e elementor-section-full_width obelisk-section-mode2 elementor-section-height-default elementor-section-height-default\" data-id=\"f98fb7e\" data-element_type=\"section\" data-e-type=\"section\" data-settings=\"{&quot;background_background&quot;:&quot;classic&quot;}\">\n\t\t\t\t\t\t\t<div class=\"elementor-background-overlay\"><\/div>\n\t\t\t\t\t\t\t<div class=\"elementor-container elementor-column-gap-default\">\n\t\t\t\t\t<div class=\"elementor-column elementor-col-100 elementor-top-column elementor-element elementor-element-a66e1b9\" data-id=\"a66e1b9\" data-element_type=\"column\" data-e-type=\"column\">\n\t\t\t<div class=\"elementor-widget-wrap elementor-element-populated\">\n\t\t\t\t\t\t<section class=\"elementor-section elementor-inner-section elementor-element elementor-element-ed83853 elementor-section-full_width elementor-section-height-default elementor-section-height-default\" data-id=\"ed83853\" data-element_type=\"section\" data-e-type=\"section\">\n\t\t\t\t\t\t<div class=\"elementor-container elementor-column-gap-default\">\n\t\t\t\t\t<div class=\"elementor-column elementor-col-100 elementor-inner-column elementor-element elementor-element-8238ef7\" data-id=\"8238ef7\" data-element_type=\"column\" data-e-type=\"column\">\n\t\t\t<div class=\"elementor-widget-wrap elementor-element-populated\">\n\t\t\t\t\t\t<div class=\"elementor-element elementor-element-7996fc2 elementor-align-left elementor-widget elementor-widget-obelisk-title\" data-id=\"7996fc2\" data-element_type=\"widget\" data-e-type=\"widget\" data-widget_type=\"obelisk-title.default\">\n\t\t\t\t<div class=\"elementor-widget-container\">\n\t\t\t\t\t\r\n\r\n<div class=\"obelisk-title style-2\">\r\n\t<h2 class=\" animate custom-font\" data-splitting>Freestyle <b><\/b><\/h2>\r\n<\/div>\t\t\t\t<\/div>\n\t\t\t\t<\/div>\n\t\t\t\t<div class=\"elementor-element elementor-element-21b56db obelisk-effect-01 custom-font elementor-widget__width-inherit elementor-absolute elementor-widget elementor-widget-heading\" data-id=\"21b56db\" data-element_type=\"widget\" data-e-type=\"widget\" data-settings=\"{&quot;_position&quot;:&quot;absolute&quot;}\" data-widget_type=\"heading.default\">\n\t\t\t\t<div class=\"elementor-widget-container\">\n\t\t\t\t\t<h2 class=\"elementor-heading-title elementor-size-default\">Queen Mary\n<\/h2>\t\t\t\t<\/div>\n\t\t\t\t<\/div>\n\t\t\t\t<div class=\"elementor-element elementor-element-245692f elementor-widget elementor-widget-obelisk-gradient-circle\" data-id=\"245692f\" data-element_type=\"widget\" data-e-type=\"widget\" data-widget_type=\"obelisk-gradient-circle.default\">\n\t\t\t\t<div class=\"elementor-widget-container\">\n\t\t\t\t\t    \t\t\r\n        <div class=\"obelisk-gradient-circle fixed\">\r\n            \t\t\t\t<div class=\"gradient-circle one\"><\/div>\r\n            \t\t\t\t<div class=\"gradient-circle two\"><\/div>\r\n\t\t\t        <\/div>\r\n\r\n        \t\t\t\t<\/div>\n\t\t\t\t<\/div>\n\t\t\t\t<div class=\"elementor-element elementor-element-922fe43 elementor-widget__width-auto elementor-widget elementor-widget-obelisk-image\" data-id=\"922fe43\" data-element_type=\"widget\" data-e-type=\"widget\" data-widget_type=\"obelisk-image.default\">\n\t\t\t\t<div class=\"elementor-widget-container\">\n\t\t\t\t\t<div class=\"obelisk-image style-4 prlx \"> \r\n\t<div class=\"image-box\"  data-parallax-layout-ratio=\"1.1\" > \r\n\t\t<img decoding=\"async\" src=\"https:\/\/nuncapisofreno.es\/wordpress\/wp-content\/uploads\/2024\/09\/8-QUEEN-MARY.png\" alt=\"img\">\r\n\t<\/div>  \r\n<\/div> \t\t\t\t<\/div>\n\t\t\t\t<\/div>\n\t\t\t\t<div class=\"elementor-element elementor-element-6d77fa0 elementor-widget elementor-widget-obelisk-heading\" data-id=\"6d77fa0\" data-element_type=\"widget\" data-e-type=\"widget\" data-widget_type=\"obelisk-heading.default\">\n\t\t\t\t<div class=\"elementor-widget-container\">\n\t\t\t\t\t\r\n<h1 class='obelisk-heading style-1 ' >\r\n        Queen Mary    <\/h1>\r\n\t\t\t\t<\/div>\n\t\t\t\t<\/div>\n\t\t\t\t<div class=\"elementor-element elementor-element-3061bab elementor-widget elementor-widget-text-editor\" data-id=\"3061bab\" data-element_type=\"widget\" data-e-type=\"widget\" data-widget_type=\"text-editor.default\">\n\t\t\t\t<div class=\"elementor-widget-container\">\n\t\t\t\t\t\t\t\t\t<h4><span style=\"font-weight: 400;\">Mary Ruiz, madrile\u00f1a polifac\u00e9tica: reportera, presentadora, modelo, actriz, host. En televisi\u00f3n ha sido colaboradora del Intermedio, 90 Minuti de Real Madrid Televisi\u00f3n y presentadora del programa TVemos de Televisi\u00f3n Espa\u00f1ola.<\/span><\/h4><h4><span style=\"font-weight: 400;\">En su andadura como host de batallas ha sido la primera speaker de la historia en 2016. A partir de ese a\u00f1o no ha faltado a ninguna edici\u00f3n y en 2018 estuvo presente en la internacional como entrevistadora y desde 2019 hasta 2021 como host principal. Adem\u00e1s ha sido presentadora del progama de freestyle de Ubeat \u201cSe lo damos\u201d y fue una de las encargadas de desvelar los nombres de los elegidos para las regionales de Espa\u00f1a para Red Bull TV. <\/span><\/h4>\t\t\t\t\t\t\t\t<\/div>\n\t\t\t\t<\/div>\n\t\t\t\t<div class=\"elementor-element elementor-element-d67652a elementor-widget elementor-widget-obelisk-heading\" data-id=\"d67652a\" data-element_type=\"widget\" data-e-type=\"widget\" data-widget_type=\"obelisk-heading.default\">\n\t\t\t\t<div class=\"elementor-widget-container\">\n\t\t\t\t\t\r\n<h2 class='obelisk-heading style-1 ' >\r\n        S\u00edgueme    <\/h2>\r\n\t\t\t\t<\/div>\n\t\t\t\t<\/div>\n\t\t<div class=\"elementor-element elementor-element-2dbab44 e-grid e-con-boxed e-con e-parent\" data-id=\"2dbab44\" data-element_type=\"container\" data-e-type=\"container\">\n\t\t\t\t\t<div class=\"e-con-inner\">\n\t\t\t\t<div class=\"elementor-element elementor-element-a0140db elementor-view-stacked elementor-shape-circle elementor-widget elementor-widget-Obelisk_Icon\" data-id=\"a0140db\" data-element_type=\"widget\" data-e-type=\"widget\" data-widget_type=\"Obelisk_Icon.default\">\n\t\t\t\t<div class=\"elementor-widget-container\">\n\t\t\t\t\t\t\t<div class=\"elementor-icon-wrapper\">\r\n\t\t\t<a class=\"elementor-icon obelisk-icon-text-fill\" href=\"https:\/\/x.com\/maryruiz_es?lang=es\">\r\n\t\t\t<svg aria-hidden=\"true\" class=\"e-font-icon-svg e-fab-x-twitter-square\" viewBox=\"0 0 448 512\" xmlns=\"http:\/\/www.w3.org\/2000\/svg\"><path d=\"M64 32C28.7 32 0 60.7 0 96V416c0 35.3 28.7 64 64 64H384c35.3 0 64-28.7 64-64V96c0-35.3-28.7-64-64-64H64zm297.1 84L257.3 234.6 379.4 396H283.8L209 298.1 123.3 396H75.8l111-126.9L69.7 116h98l67.7 89.5L313.6 116h47.5zM323.3 367.6L153.4 142.9H125.1L296.9 367.6h26.3z\"><\/path><\/svg>\t\t\t<\/a>\r\n\t\t<\/div>\r\n\t\t\t\t\t\t<\/div>\n\t\t\t\t<\/div>\n\t\t\t\t<div class=\"elementor-element elementor-element-73afae2 elementor-view-stacked elementor-shape-circle elementor-widget elementor-widget-Obelisk_Icon\" data-id=\"73afae2\" data-element_type=\"widget\" data-e-type=\"widget\" data-widget_type=\"Obelisk_Icon.default\">\n\t\t\t\t<div class=\"elementor-widget-container\">\n\t\t\t\t\t\t\t<div class=\"elementor-icon-wrapper\">\r\n\t\t\t<a class=\"elementor-icon obelisk-icon-text-fill\" href=\"http:\/\/twitch.tv\/soyqueenmary\">\r\n\t\t\t<svg aria-hidden=\"true\" class=\"e-font-icon-svg e-fab-twitch\" viewBox=\"0 0 512 512\" xmlns=\"http:\/\/www.w3.org\/2000\/svg\"><path d=\"M391.17,103.47H352.54v109.7h38.63ZM285,103H246.37V212.75H285ZM120.83,0,24.31,91.42V420.58H140.14V512l96.53-91.42h77.25L487.69,256V0ZM449.07,237.75l-77.22,73.12H294.61l-67.6,64v-64H140.14V36.58H449.07Z\"><\/path><\/svg>\t\t\t<\/a>\r\n\t\t<\/div>\r\n\t\t\t\t\t\t<\/div>\n\t\t\t\t<\/div>\n\t\t\t\t<div class=\"elementor-element elementor-element-f2c4e9f elementor-view-stacked elementor-shape-circle elementor-widget elementor-widget-Obelisk_Icon\" data-id=\"f2c4e9f\" data-element_type=\"widget\" data-e-type=\"widget\" data-widget_type=\"Obelisk_Icon.default\">\n\t\t\t\t<div class=\"elementor-widget-container\">\n\t\t\t\t\t\t\t<div class=\"elementor-icon-wrapper\">\r\n\t\t\t<a class=\"elementor-icon obelisk-icon-text-fill\" href=\"https:\/\/www.youtube.com\/user\/maryruizp\">\r\n\t\t\t<svg aria-hidden=\"true\" class=\"e-font-icon-svg e-fab-youtube\" viewBox=\"0 0 576 512\" xmlns=\"http:\/\/www.w3.org\/2000\/svg\"><path d=\"M549.655 124.083c-6.281-23.65-24.787-42.276-48.284-48.597C458.781 64 288 64 288 64S117.22 64 74.629 75.486c-23.497 6.322-42.003 24.947-48.284 48.597-11.412 42.867-11.412 132.305-11.412 132.305s0 89.438 11.412 132.305c6.281 23.65 24.787 41.5 48.284 47.821C117.22 448 288 448 288 448s170.78 0 213.371-11.486c23.497-6.321 42.003-24.171 48.284-47.821 11.412-42.867 11.412-132.305 11.412-132.305s0-89.438-11.412-132.305zm-317.51 213.508V175.185l142.739 81.205-142.739 81.201z\"><\/path><\/svg>\t\t\t<\/a>\r\n\t\t<\/div>\r\n\t\t\t\t\t\t<\/div>\n\t\t\t\t<\/div>\n\t\t\t\t\t<\/div>\n\t\t\t\t<\/div>\n\t\t\t\t\t<\/div>\n\t\t<\/div>\n\t\t\t\t\t<\/div>\n\t\t<\/section>\n\t\t\t\t\t<\/div>\n\t\t<\/div>\n\t\t\t\t\t<\/div>\n\t\t<\/section>\n\t\t\t\t<\/div>\n\t\t","protected":false},"excerpt":{"rendered":"<p>Freestyle Queen Mary Queen Mary Mary Ruiz, madrile\u00f1a polifac\u00e9tica: reportera, presentadora, modelo, actriz, host. En televisi\u00f3n ha sido colaboradora del Intermedio, 90 Minuti de Real Madrid Televisi\u00f3n y presentadora del programa TVemos de Televisi\u00f3n Espa\u00f1ola. En su andadura como host de batallas ha sido la primera speaker de la historia en 2016. A partir de ese a\u00f1o no ha faltado &hellip;<\/p>\n","protected":false},"author":1,"featured_media":0,"parent":0,"menu_order":0,"comment_status":"closed","ping_status":"closed","template":"blank-builder.php","meta":{"footnotes":""},"class_list":["post-891","page","type-page","status-publish","hentry"],"_links":{"self":[{"href":"https:\/\/nuncapisofreno.es\/index.php\/wp-json\/wp\/v2\/pages\/891","targetHints":{"allow":["GET"]}}],"collection":[{"href":"https:\/\/nuncapisofreno.es\/index.php\/wp-json\/wp\/v2\/pages"}],"about":[{"href":"https:\/\/nuncapisofreno.es\/index.php\/wp-json\/wp\/v2\/types\/page"}],"author":[{"embeddable":true,"href":"https:\/\/nuncapisofreno.es\/index.php\/wp-json\/wp\/v2\/users\/1"}],"replies":[{"embeddable":true,"href":"https:\/\/nuncapisofreno.es\/index.php\/wp-json\/wp\/v2\/comments?post=891"}],"version-history":[{"count":131,"href":"https:\/\/nuncapisofreno.es\/index.php\/wp-json\/wp\/v2\/pages\/891\/revisions"}],"predecessor-version":[{"id":1030,"href":"https:\/\/nuncapisofreno.es\/index.php\/wp-json\/wp\/v2\/pages\/891\/revisions\/1030"}],"wp:attachment":[{"href":"https:\/\/nuncapisofreno.es\/index.php\/wp-json\/wp\/v2\/media?parent=891"}],"curies":[{"name":"wp","href":"https:\/\/api.w.org\/{rel}","templated":true}]}}